{"id":2248,"date":"2023-07-21T15:10:32","date_gmt":"2023-07-21T22:10:32","guid":{"rendered":"https:\/\/thomashuebl.com\/?page_id=2248"},"modified":"2024-05-29T00:12:47","modified_gmt":"2024-05-29T07:12:47","slug":"impressum","status":"publish","type":"page","link":"https:\/\/thomashuebl.com\/de\/impressum\/","title":{"rendered":"Impressum"},"content":{"rendered":"\t\t<div data-elementor-type=\"wp-page\" data-elementor-id=\"2248\" class=\"elementor elementor-2248 elementor-1455\" data-elementor-post-type=\"page\">\n\t\t\t\t\t\t<section class=\"elementor-section elementor-top-section elementor-element elementor-element-7de251b2 elementor-section-boxed elementor-section-height-default elementor-section-height-default\" data-id=\"7de251b2\" data-element_type=\"section\" data-e-type=\"section\" data-settings=\"{&quot;background_background&quot;:&quot;classic&quot;}\">\n\t\t\t\t\t\t<div class=\"elementor-container elementor-column-gap-default\">\n\t\t\t\t\t<div class=\"elementor-column elementor-col-100 elementor-top-column elementor-element elementor-element-42b4355\" data-id=\"42b4355\" data-element_type=\"column\" data-e-type=\"column\">\n\t\t\t<div class=\"elementor-widget-wrap elementor-element-populated\">\n\t\t\t\t\t\t<div class=\"elementor-element elementor-element-7844d0f6 elementor-widget elementor-widget-text-editor\" data-id=\"7844d0f6\" data-element_type=\"widget\" data-e-type=\"widget\" data-widget_type=\"text-editor.default\">\n\t\t\t\t<div class=\"elementor-widget-container\">\n\t\t\t\t\t\t\t\t\t<h1><span style=\"color: #052182;\">Impressum<\/span><\/h1>\n<p><strong>Angaben gem\u00e4\u00df \u00a7 5 DDG<\/strong><\/p>\n<p><strong>Sharing the Presence GmbH<\/strong><br>Wardenburger Str. 24<br>26203 Wardenburg<br>Telefon: +49 (0)4407 \u2013 71 60 94<br>E-Mail: info@thomashuebl.com<\/p>\n<p>Vertretungsberechtigter Gesch\u00e4ftsf\u00fchrer: Thomas H\u00fcbl, Ute Kostanjevec<br>eingetragen im Handelsregister beim Amtsgericht Oldenburg: HRB 203213<br>Steuer-Nr. 064\/205\/60024<br>USt.-Identifikationsnummer: DE264648252<\/p>\n<p><strong>Inner Science LLC<\/strong><br>2 Ranch Drive<br>Novato, CA 94945, USA<\/p>\n<p>Vertretungsberechtigter Gesch\u00e4ftsf\u00fchrer: Thomas H\u00fcbl<br>Employer Identification Number: 80-0962669<br>Telefon: +1 415.785.3064<br>E-Mail: support@thomashueblonline.com<\/p>\n<h3>Haftungsausschluss<\/h3>\n<p>Die Inhalte unserer Seiten wurden mit gr\u00f6\u00dfter Sorgfalt erstellt. F\u00fcr die Richtigkeit, Vollst\u00e4ndigkeit und Aktualit\u00e4t der Inhalte k\u00f6nnen wir jedoch keine Gew\u00e4hr \u00fcbernehmen. Als Diensteanbieter sind wir gem\u00e4\u00df \u00a7 7 Abs.1 DDG f\u00fcr eigene Inhalte auf diesen Seiten nach den allgemeinen Gesetzen verantwortlich. Nach \u00a7\u00a7 8 bis 10 DDG sind wir als Diensteanbieter jedoch nicht verpflichtet, \u00fcbermittelte oder gespeicherte fremde Informationen zu \u00fcberwachen oder nach Umst\u00e4nden zu forschen, die auf eine rechtswidrige T\u00e4tigkeit hinweisen. Verpflichtungen zur Entfernung oder Sperrung der Nutzung von Informationen nach den allgemeinen Gesetzen bleiben hiervon unber\u00fchrt. Eine diesbez\u00fcgliche Haftung ist jedoch erst ab dem Zeitpunkt der Kenntnis einer konkreten Rechtsverletzung m\u00f6glich. Bei Bekanntwerden von entsprechenden Rechtsverletzungen werden wir diese Inhalte umgehend entfernen.<\/p>\n<h3>Haftung f\u00fcr Links<\/h3>\n<p>Unser Angebot enth\u00e4lt Links zu externen Webseiten Dritter, auf deren Inhalte wir keinen Einfluss haben. Deshalb k\u00f6nnen wir f\u00fcr diese fremden Inhalte auch keine Gew\u00e4hr \u00fcbernehmen. F\u00fcr die Inhalte der verlinkten Seiten ist stets der jeweilige Anbieter oder Betreiber der Seiten verantwortlich. Die verlinkten Seiten wurden zum Zeitpunkt der Verlinkung auf m\u00f6gliche Rechtsverst\u00f6\u00dfe \u00fcberpr\u00fcft. Rechtswidrige Inhalte waren zum Zeitpunkt der Verlinkung nicht erkennbar. Eine permanente inhaltliche Kontrolle der verlinkten Seiten ist jedoch ohne konkrete Anhaltspunkte einer Rechtsverletzung nicht zumutbar. Bei Bekanntwerden von Rechtsverletzungen werden wir derartige Links umgehend entfernen.<\/p>\n<h3>Urheberrecht<\/h3>\n<p>Die durch die Seitenbetreiber erstellten Inhalte und Werke auf diesen Seiten unterliegen dem deutschen Urheberrecht. Die Vervielf\u00e4ltigung, Bearbeitung, Verbreitung und jede Art der Verwertung au\u00dferhalb der Grenzen des Urheberrechtes bed\u00fcrfen der schriftlichen Zustimmung des jeweiligen Autors bzw. Erstellers. Downloads und Kopien dieser Seite sind nur f\u00fcr den privaten, nicht kommerziellen Gebrauch gestattet. Soweit die Inhalte auf dieser Seite nicht vom Betreiber erstellt wurden, werden die Urheberrechte Dritter beachtet. Insbesondere werden Inhalte Dritter als solche gekennzeichnet. Sollten Sie trotzdem auf eine Urheberrechtsverletzung aufmerksam werden, bitten wir um einen entsprechenden Hinweis. Bei Bekanntwerden von Rechtsverletzungen werden wir derartige Inhalte umgehend entfernen.<\/p>\n<p>Die Fotos auf dieser Website erscheinen mit der Genehmigung der Fotografen.<br>Fotografien von: Frank Scherer, Freiburg\/Deutschland; Dasha Gaian, USA.<\/p>\n<p><strong>Alternative Streitbeilegung gem\u00e4\u00df Art. 14 Abs. 1 ODR-VO und \u00a7 36 VSBG:<\/strong><br>Die Europ\u00e4ische Kommission stellt eine Plattform zur Online-Streitbeilegung (OS) bereit, die du unter <a href=\"https:\/\/ec.europa.eu\/consumers\/odr\" target=\"_blank\" rel=\"noopener\">https:\/\/ec.europa.eu\/consumers\/odr<\/a>&nbsp;findest. Zur Teilnahme an einem Streitbeilegungsverfahren vor einer Verbraucherschlichtungsstelle sind wir nicht verpflichtet und nicht bereit.<\/p>\t\t\t\t\t\t\t\t<\/div>\n\t\t\t\t<\/div>\n\t\t\t\t\t<\/div>\n\t\t<\/div>\n\t\t\t\t\t<\/div>\n\t\t<\/section>\n\t\t\t\t<\/div>\n\t\t","protected":false},"excerpt":{"rendered":"<p>Impressum Angaben gem\u00e4\u00df \u00a7 5 DDG Sharing the Presence GmbHWardenburger Str. 2426203 WardenburgTelefon: +49 (0)4407 \u2013 71 60 94E-Mail: info@thomashuebl.com Vertretungsberechtigter Gesch\u00e4ftsf\u00fchrer: Thomas H\u00fcbl, Ute Kostanjeveceingetragen im Handelsregister beim Amtsgericht Oldenburg: HRB 203213Steuer-Nr. 064\/205\/60024USt.-Identifikationsnummer: DE264648252 Inner Science LLC2 Ranch DriveNovato, CA 94945, USA Vertretungsberechtigter Gesch\u00e4ftsf\u00fchrer: Thomas H\u00fcblEmployer Identification Number: 80-0962669Telefon: +1 415.785.3064E-Mail: support@thomashueblonline.com Haftungsausschluss Die [&hellip;]<\/p>\n","protected":false},"author":4,"featured_media":0,"parent":0,"menu_order":0,"comment_status":"closed","ping_status":"closed","template":"","meta":{"_acf_changed":false,"site-sidebar-layout":"no-sidebar","site-content-layout":"page-builder","ast-site-content-layout":"default","site-content-style":"default","site-sidebar-style":"default","ast-global-header-display":"","ast-banner-title-visibility":"","ast-main-header-display":"","ast-hfb-above-header-display":"","ast-hfb-below-header-display":"","ast-hfb-mobile-header-display":"","site-post-title":"disabled","ast-breadcrumbs-content":"","ast-featured-img":"disabled","footer-sml-layout":"","ast-disable-related-posts":"","theme-transparent-header-meta":"default","adv-header-id-meta":"","stick-header-meta":"","header-above-stick-meta":"","header-main-stick-meta":"","header-below-stick-meta":"","astra-migrate-meta-layouts":"set","ast-page-background-enabled":"default","ast-page-background-meta":{"desktop":{"background-color":"","background-image":"","background-repeat":"repeat","background-position":"center center","background-size":"auto","background-attachment":"scroll","background-type":"","background-media":"","overlay-type":"","overlay-color":"","overlay-opacity":"","overlay-gradient":""},"tablet":{"background-color":"","background-image":"","background-repeat":"repeat","background-position":"center center","background-size":"auto","background-attachment":"scroll","background-type":"","background-media":"","overlay-type":"","overlay-color":"","overlay-opacity":"","overlay-gradient":""},"mobile":{"background-color":"","background-image":"","background-repeat":"repeat","background-position":"center center","background-size":"auto","background-attachment":"scroll","background-type":"","background-media":"","overlay-type":"","overlay-color":"","overlay-opacity":"","overlay-gradient":""}},"ast-content-background-meta":{"desktop":{"background-color":"var(--ast-global-color-5)","background-image":"","background-repeat":"repeat","background-position":"center center","background-size":"auto","background-attachment":"scroll","background-type":"","background-media":"","overlay-type":"","overlay-color":"","overlay-opacity":"","overlay-gradient":""},"tablet":{"background-color":"var(--ast-global-color-5)","background-image":"","background-repeat":"repeat","background-position":"center center","background-size":"auto","background-attachment":"scroll","background-type":"","background-media":"","overlay-type":"","overlay-color":"","overlay-opacity":"","overlay-gradient":""},"mobile":{"background-color":"var(--ast-global-color-5)","background-image":"","background-repeat":"repeat","background-position":"center center","background-size":"auto","background-attachment":"scroll","background-type":"","background-media":"","overlay-type":"","overlay-color":"","overlay-opacity":"","overlay-gradient":""}},"footnotes":""},"class_list":["post-2248","page","type-page","status-publish","hentry"],"acf":[],"yoast_head":"<!-- This site is optimized with the Yoast SEO plugin v27.4 - https:\/\/yoast.com\/product\/yoast-seo-wordpress\/ -->\n<title>Impressum - Thomas Huebl<\/title>\n<meta name=\"description\" content=\"Standortinformationen nach \u00a7 5 Teledienstgesetz\" \/>\n<meta name=\"robots\" content=\"index, follow, max-snippet:-1, max-image-preview:large, max-video-preview:-1\" \/>\n<link rel=\"canonical\" href=\"https:\/\/thomashuebl.com\/de\/impressum\/\" \/>\n<meta property=\"og:locale\" content=\"de_DE\" \/>\n<meta property=\"og:type\" content=\"article\" \/>\n<meta property=\"og:title\" content=\"Impressum - Thomas Huebl\" \/>\n<meta property=\"og:description\" content=\"Standortinformationen nach \u00a7 5 Teledienstgesetz\" \/>\n<meta property=\"og:url\" content=\"https:\/\/thomashuebl.com\/de\/impressum\/\" \/>\n<meta property=\"og:site_name\" content=\"Thomas Huebl\" \/>\n<meta property=\"article:publisher\" content=\"https:\/\/www.facebook.com\/Thomas.Huebl.Sangha\/\" \/>\n<meta property=\"article:modified_time\" content=\"2024-05-29T07:12:47+00:00\" \/>\n<meta property=\"og:image\" content=\"https:\/\/thomashuebl.com\/wp-content\/uploads\/2023\/08\/thomashueblpl_03.jpg\" \/>\n\t<meta property=\"og:image:width\" content=\"1200\" \/>\n\t<meta property=\"og:image:height\" content=\"630\" \/>\n\t<meta property=\"og:image:type\" content=\"image\/jpeg\" \/>\n<meta name=\"twitter:card\" content=\"summary_large_image\" \/>\n<meta name=\"twitter:image\" content=\"https:\/\/thomashuebl.com\/wp-content\/uploads\/2023\/08\/thomashueblpl_03.jpg\" \/>\n<meta name=\"twitter:site\" content=\"@thomasHuebl\" \/>\n<meta name=\"twitter:label1\" content=\"Gesch\u00e4tzte Lesezeit\" \/>\n\t<meta name=\"twitter:data1\" content=\"3 Minuten\" \/>\n<script type=\"application\/ld+json\" class=\"yoast-schema-graph\">{\"@context\":\"https:\\\/\\\/schema.org\",\"@graph\":[{\"@type\":\"WebPage\",\"@id\":\"https:\\\/\\\/thomashuebl.com\\\/de\\\/impressum\\\/\",\"url\":\"https:\\\/\\\/thomashuebl.com\\\/de\\\/impressum\\\/\",\"name\":\"Impressum - Thomas Huebl\",\"isPartOf\":{\"@id\":\"https:\\\/\\\/thomashuebl.com\\\/de\\\/#website\"},\"datePublished\":\"2023-07-21T22:10:32+00:00\",\"dateModified\":\"2024-05-29T07:12:47+00:00\",\"description\":\"Standortinformationen nach \u00a7 5 Teledienstgesetz\",\"breadcrumb\":{\"@id\":\"https:\\\/\\\/thomashuebl.com\\\/de\\\/impressum\\\/#breadcrumb\"},\"inLanguage\":\"de-DE\",\"potentialAction\":[{\"@type\":\"ReadAction\",\"target\":[\"https:\\\/\\\/thomashuebl.com\\\/de\\\/impressum\\\/\"]}]},{\"@type\":\"BreadcrumbList\",\"@id\":\"https:\\\/\\\/thomashuebl.com\\\/de\\\/impressum\\\/#breadcrumb\",\"itemListElement\":[{\"@type\":\"ListItem\",\"position\":1,\"name\":\"Home\",\"item\":\"https:\\\/\\\/thomashuebl.com\\\/de\\\/\"},{\"@type\":\"ListItem\",\"position\":2,\"name\":\"Impressum\"}]},{\"@type\":\"WebSite\",\"@id\":\"https:\\\/\\\/thomashuebl.com\\\/de\\\/#website\",\"url\":\"https:\\\/\\\/thomashuebl.com\\\/de\\\/\",\"name\":\"Thomas Huebl\",\"description\":\"\",\"publisher\":{\"@id\":\"https:\\\/\\\/thomashuebl.com\\\/de\\\/#organization\"},\"potentialAction\":[{\"@type\":\"SearchAction\",\"target\":{\"@type\":\"EntryPoint\",\"urlTemplate\":\"https:\\\/\\\/thomashuebl.com\\\/de\\\/?s={search_term_string}\"},\"query-input\":{\"@type\":\"PropertyValueSpecification\",\"valueRequired\":true,\"valueName\":\"search_term_string\"}}],\"inLanguage\":\"de-DE\"},{\"@type\":\"Organization\",\"@id\":\"https:\\\/\\\/thomashuebl.com\\\/de\\\/#organization\",\"name\":\"Thomas Huebl\",\"url\":\"https:\\\/\\\/thomashuebl.com\\\/de\\\/\",\"logo\":{\"@type\":\"ImageObject\",\"inLanguage\":\"de-DE\",\"@id\":\"https:\\\/\\\/thomashuebl.com\\\/de\\\/#\\\/schema\\\/logo\\\/image\\\/\",\"url\":\"https:\\\/\\\/thomashuebl.com\\\/wp-content\\\/uploads\\\/2023\\\/08\\\/thomashueblpl_03-1.jpg\",\"contentUrl\":\"https:\\\/\\\/thomashuebl.com\\\/wp-content\\\/uploads\\\/2023\\\/08\\\/thomashueblpl_03-1.jpg\",\"width\":1200,\"height\":630,\"caption\":\"Thomas Huebl\"},\"image\":{\"@id\":\"https:\\\/\\\/thomashuebl.com\\\/de\\\/#\\\/schema\\\/logo\\\/image\\\/\"},\"sameAs\":[\"https:\\\/\\\/www.facebook.com\\\/Thomas.Huebl.Sangha\\\/\",\"https:\\\/\\\/x.com\\\/thomasHuebl\",\"https:\\\/\\\/www.youtube.com\\\/user\\\/thomashuebl\",\"https:\\\/\\\/www.instagram.com\\\/thomashuebl\\\/\"]}]}<\/script>\n<!-- \/ Yoast SEO plugin. -->","yoast_head_json":{"title":"Impressum - Thomas Huebl","description":"Standortinformationen nach \u00a7 5 Teledienstgesetz","robots":{"index":"index","follow":"follow","max-snippet":"max-snippet:-1","max-image-preview":"max-image-preview:large","max-video-preview":"max-video-preview:-1"},"canonical":"https:\/\/thomashuebl.com\/de\/impressum\/","og_locale":"de_DE","og_type":"article","og_title":"Impressum - Thomas Huebl","og_description":"Standortinformationen nach \u00a7 5 Teledienstgesetz","og_url":"https:\/\/thomashuebl.com\/de\/impressum\/","og_site_name":"Thomas Huebl","article_publisher":"https:\/\/www.facebook.com\/Thomas.Huebl.Sangha\/","article_modified_time":"2024-05-29T07:12:47+00:00","og_image":[{"width":1200,"height":630,"url":"https:\/\/thomashuebl.com\/wp-content\/uploads\/2023\/08\/thomashueblpl_03.jpg","type":"image\/jpeg"}],"twitter_card":"summary_large_image","twitter_image":"https:\/\/thomashuebl.com\/wp-content\/uploads\/2023\/08\/thomashueblpl_03.jpg","twitter_site":"@thomasHuebl","twitter_misc":{"Gesch\u00e4tzte Lesezeit":"3 Minuten"},"schema":{"@context":"https:\/\/schema.org","@graph":[{"@type":"WebPage","@id":"https:\/\/thomashuebl.com\/de\/impressum\/","url":"https:\/\/thomashuebl.com\/de\/impressum\/","name":"Impressum - Thomas Huebl","isPartOf":{"@id":"https:\/\/thomashuebl.com\/de\/#website"},"datePublished":"2023-07-21T22:10:32+00:00","dateModified":"2024-05-29T07:12:47+00:00","description":"Standortinformationen nach \u00a7 5 Teledienstgesetz","breadcrumb":{"@id":"https:\/\/thomashuebl.com\/de\/impressum\/#breadcrumb"},"inLanguage":"de-DE","potentialAction":[{"@type":"ReadAction","target":["https:\/\/thomashuebl.com\/de\/impressum\/"]}]},{"@type":"BreadcrumbList","@id":"https:\/\/thomashuebl.com\/de\/impressum\/#breadcrumb","itemListElement":[{"@type":"ListItem","position":1,"name":"Home","item":"https:\/\/thomashuebl.com\/de\/"},{"@type":"ListItem","position":2,"name":"Impressum"}]},{"@type":"WebSite","@id":"https:\/\/thomashuebl.com\/de\/#website","url":"https:\/\/thomashuebl.com\/de\/","name":"Thomas Huebl","description":"","publisher":{"@id":"https:\/\/thomashuebl.com\/de\/#organization"},"potentialAction":[{"@type":"SearchAction","target":{"@type":"EntryPoint","urlTemplate":"https:\/\/thomashuebl.com\/de\/?s={search_term_string}"},"query-input":{"@type":"PropertyValueSpecification","valueRequired":true,"valueName":"search_term_string"}}],"inLanguage":"de-DE"},{"@type":"Organization","@id":"https:\/\/thomashuebl.com\/de\/#organization","name":"Thomas Huebl","url":"https:\/\/thomashuebl.com\/de\/","logo":{"@type":"ImageObject","inLanguage":"de-DE","@id":"https:\/\/thomashuebl.com\/de\/#\/schema\/logo\/image\/","url":"https:\/\/thomashuebl.com\/wp-content\/uploads\/2023\/08\/thomashueblpl_03-1.jpg","contentUrl":"https:\/\/thomashuebl.com\/wp-content\/uploads\/2023\/08\/thomashueblpl_03-1.jpg","width":1200,"height":630,"caption":"Thomas Huebl"},"image":{"@id":"https:\/\/thomashuebl.com\/de\/#\/schema\/logo\/image\/"},"sameAs":["https:\/\/www.facebook.com\/Thomas.Huebl.Sangha\/","https:\/\/x.com\/thomasHuebl","https:\/\/www.youtube.com\/user\/thomashuebl","https:\/\/www.instagram.com\/thomashuebl\/"]}]}},"_links":{"self":[{"href":"https:\/\/thomashuebl.com\/de\/wp-json\/wp\/v2\/pages\/2248","targetHints":{"allow":["GET"]}}],"collection":[{"href":"https:\/\/thomashuebl.com\/de\/wp-json\/wp\/v2\/pages"}],"about":[{"href":"https:\/\/thomashuebl.com\/de\/wp-json\/wp\/v2\/types\/page"}],"author":[{"embeddable":true,"href":"https:\/\/thomashuebl.com\/de\/wp-json\/wp\/v2\/users\/4"}],"replies":[{"embeddable":true,"href":"https:\/\/thomashuebl.com\/de\/wp-json\/wp\/v2\/comments?post=2248"}],"version-history":[{"count":0,"href":"https:\/\/thomashuebl.com\/de\/wp-json\/wp\/v2\/pages\/2248\/revisions"}],"wp:attachment":[{"href":"https:\/\/thomashuebl.com\/de\/wp-json\/wp\/v2\/media?parent=2248"}],"curies":[{"name":"wp","href":"https:\/\/api.w.org\/{rel}","templated":true}]}}