{"id":2028,"date":"2023-06-05T15:54:13","date_gmt":"2023-06-05T22:54:13","guid":{"rendered":"https:\/\/thomashuebl.com\/?page_id=2028"},"modified":"2023-08-17T20:55:37","modified_gmt":"2023-08-18T03:55:37","slug":"veranstaltungskalender","status":"publish","type":"page","link":"https:\/\/thomashuebl.com\/de\/veranstaltungskalender\/","title":{"rendered":"Veranstaltungskalender"},"content":{"rendered":"\t\t<div data-elementor-type=\"wp-page\" data-elementor-id=\"2028\" class=\"elementor elementor-2028 elementor-226\" data-elementor-post-type=\"page\">\n\t\t\t\t\t\t<section class=\"elementor-section elementor-top-section elementor-element elementor-element-6d77afb elementor-section-boxed elementor-section-height-default elementor-section-height-default\" data-id=\"6d77afb\" data-element_type=\"section\" data-e-type=\"section\" data-settings=\"{&quot;background_background&quot;:&quot;classic&quot;}\">\n\t\t\t\t\t\t\t<div class=\"elementor-background-overlay\"><\/div>\n\t\t\t\t\t\t\t<div class=\"elementor-container elementor-column-gap-default\">\n\t\t\t\t\t<div class=\"elementor-column elementor-col-100 elementor-top-column elementor-element elementor-element-8769ae6\" data-id=\"8769ae6\" data-element_type=\"column\" data-e-type=\"column\">\n\t\t\t<div class=\"elementor-widget-wrap elementor-element-populated\">\n\t\t\t\t\t\t<div class=\"elementor-element elementor-element-81eccfe elementor-widget elementor-widget-MEC-SHORTCODE-BUILDER\" data-id=\"81eccfe\" data-element_type=\"widget\" data-e-type=\"widget\" data-widget_type=\"MEC-SHORTCODE-BUILDER.default\">\n\t\t\t\t<div class=\"elementor-widget-container\">\n\t\t\t\t\t<script>var MEC_Month_Picker_Data = {\"dates\":{\"days\":[\"Sonntag\",\"Montag\",\"Dienstag\",\"Mittwoch\",\"Donnerstag\",\"Freitag\",\"Samstag\",\"Sonntag\"],\"daysShort\":[\"So\",\"Mo\",\"Di\",\"Mi\",\"Do\",\"Fr\",\"Sa\",\"So\"],\"daysMin\":[\"So\",\"Mo\",\"Di\",\"Mi\",\"Do\",\"Fr\",\"Sa\",\"So\"],\"months\":[\"Januar\",\"Februar\",\"M\u00e4rz\",\"April\",\"Mai\",\"Juni\",\"Juli\",\"August\",\"September\",\"Oktober\",\"November\",\"Dezember\"],\"monthsShort\":[\"Jan\",\"Feb\",\"Mrz\",\"Apr\",\"Mai\",\"Jun\",\"Jul\",\"Aug\",\"Sep\",\"Okt\",\"Nov\",\"Dez\"]}} <\/script><div class=\"mec-gCalendar\" id=\"mec_skin_46\">\r\n\t<div id='gCalendar-loading' class=\"mec-modal-result\" style=\"display: none\"><\/div>\r\n\t<div id=\"mec-gCalendar-wrap\"><\/div>\r\n\t<div class=\"mec-gCalendar-filters\">\r\n\t\t<div class=\"mec-gCalendar-filters-wrap\">\r\n\t\t\t<div class=\"mec-dropdown-search\"><i class=\"mec-sl-folder\"><\/i><select name=' ' id='mec_sf_category_46' class='postform'>\n\t<option value='' selected='selected'>Kategorie<\/option>\n\t<option class=\"level-0\" value=\"200\">Englische Sprache<\/option>\n\t<option class=\"level-0\" value=\"242\">Kostenlos<\/option>\n\t<option class=\"level-0\" value=\"137\">Meditation<\/option>\n\t<option class=\"level-0\" value=\"138\">Online-Kurs<\/option>\n\t<option class=\"level-0\" value=\"139\">Online-Tagung<\/option>\n\t<option class=\"level-0\" value=\"172\">Retreat<\/option>\n\t<option class=\"level-0\" value=\"173\">Seminar-Reihe<\/option>\n\t<option class=\"level-0\" value=\"115\">Veranstaltung<\/option>\n<\/select>\n<\/div><div class=\"mec-dropdown-search\"><i class=\"mec-sl-location-pin\"><\/i><select name=' ' id='mec_sf_location_46' class='postform'>\n\t<option value='' selected='selected'>Standort<\/option>\n\t<option class=\"level-0\" value=\"274\">Name des Standorts<\/option>\n<\/select>\n<\/div>\t\t<\/div>\r\n\t<\/div>\r\n<\/div>\r\n<style>.nice-select{color: #838383;-webkit-tap-highlight-color:transparent;background-color:#fff;border:solid 1px #E3E4E5;box-sizing:border-box;clear:both;cursor:pointer;display:block;float:left;font-family:inherit;font-size:12px;font-weight:400;height:42px;line-height:40px;outline:0;padding-left:18px;padding-right:30px;position:relative;text-align:left!important;-webkit-transition:all .2s ease-in-out;transition:all .2s ease-in-out;-webkit-user-select:none;-moz-user-select:none;-ms-user-select:none;user-select:none;white-space:nowrap;width: 100%;border-radius: 0 3px 3px 0;height: 40px;}.nice-select:hover{border-color:#dbdbdb}.nice-select:after{border-bottom: 1px solid #c1c2c3; border-right: 1px solid #c1c2c3; width: 8px; height: 8px; margin-top: -5px; right: 15px;content:'';display:block;pointer-events:none;position:absolute;top:50%;-webkit-transform-origin:66% 66%;-ms-transform-origin:66% 66%;transform-origin:66% 66%;-webkit-transform:rotate(45deg);-ms-transform:rotate(45deg);transform:rotate(45deg);-webkit-transition:all .15s ease-in-out;transition:all .15s ease-in-out}.nice-select.open:after{-webkit-transform:rotate(-135deg);-ms-transform:rotate(-135deg);transform:rotate(-135deg)}.nice-select.open .list{opacity:1;pointer-events:auto;-webkit-transform:scale(1) translateY(0);-ms-transform:scale(1) translateY(0);transform:scale(1) translateY(0)}.nice-select.disabled{border-color:#ededed;color:#999;pointer-events:none}.nice-select.disabled:after{border-color:#ccc}.nice-select.wide{width:100%}.nice-select.wide .list{left:0!important;right:0!important}.nice-select.right{float:right}.nice-select.right .list{left:auto;right:0}.nice-select.small{font-size:12px;height:36px;line-height:34px}.nice-select.small:after{height:4px;width:4px}.nice-select.small .option{line-height:34px;min-height:34px}.nice-select .list{width: 100%;background-color:#fff;border-radius:0 0 3px 3px;box-shadow:0 0 0 1px rgba(68,68,68,.11);box-sizing:border-box;margin-top:4px;opacity:0;overflow:hidden;padding:0;pointer-events:none;position:absolute;top:100%;left:0;-webkit-transform-origin:50% 0;-ms-transform-origin:50% 0;transform-origin:50% 0;-webkit-transform:scale(.75) translateY(-21px);-ms-transform:scale(.75) translateY(-21px);transform:scale(.75) translateY(-21px);-webkit-transition:all .2s cubic-bezier(.5,0,0,1.25),opacity .15s ease-out;transition:all .2s cubic-bezier(.5,0,0,1.25),opacity .15s ease-out;z-index:9}.nice-select .list:hover .option:not(:hover){background-color:transparent!important}.nice-select .option{ cursor: pointer; font-weight: 400;line-height: 1.2;list-style: none;min-height: 30px;outline: 0;padding: 10px 6px 10px 18px;text-align: left;-webkit-transition: all .2s;transition: all .2s;font-size: 14px;letter-spacing: -0.1px;white-space: break-spaces;}.nice-select .option.focus,.nice-select .option.selected.focus,.nice-select .option:hover{background-color:#f6f6f6}.nice-select .option.selected{font-weight:700}.nice-select .option.disabled{background-color:transparent;color:#999;cursor:default}.no-csspointerevents .nice-select .list{display:none}.no-csspointerevents .nice-select.open .list{display:block}<\/style>\r\n\t\t\t\t<\/div>\n\t\t\t\t<\/div>\n\t\t\t\t\t<\/div>\n\t\t<\/div>\n\t\t\t\t\t<\/div>\n\t\t<\/section>\n\t\t\t\t<\/div>\n\t\t","protected":false},"excerpt":{"rendered":"","protected":false},"author":3,"featured_media":0,"parent":0,"menu_order":0,"comment_status":"closed","ping_status":"closed","template":"","meta":{"_acf_changed":false,"site-sidebar-layout":"no-sidebar","site-content-layout":"page-builder","ast-site-content-layout":"full-width-container","site-content-style":"unboxed","site-sidebar-style":"unboxed","ast-global-header-display":"","ast-banner-title-visibility":"","ast-main-header-display":"","ast-hfb-above-header-display":"","ast-hfb-below-header-display":"","ast-hfb-mobile-header-display":"","site-post-title":"disabled","ast-breadcrumbs-content":"","ast-featured-img":"disabled","footer-sml-layout":"","ast-disable-related-posts":"","theme-transparent-header-meta":"default","adv-header-id-meta":"","stick-header-meta":"","header-above-stick-meta":"","header-main-stick-meta":"","header-below-stick-meta":"","astra-migrate-meta-layouts":"set","ast-page-background-enabled":"default","ast-page-background-meta":{"desktop":{"background-color":"","background-image":"","background-repeat":"repeat","background-position":"center center","background-size":"auto","background-attachment":"scroll","background-type":"","background-media":"","overlay-type":"","overlay-color":"","overlay-opacity":"","overlay-gradient":""},"tablet":{"background-color":"","background-image":"","background-repeat":"repeat","background-position":"center center","background-size":"auto","background-attachment":"scroll","background-type":"","background-media":"","overlay-type":"","overlay-color":"","overlay-opacity":"","overlay-gradient":""},"mobile":{"background-color":"","background-image":"","background-repeat":"repeat","background-position":"center center","background-size":"auto","background-attachment":"scroll","background-type":"","background-media":"","overlay-type":"","overlay-color":"","overlay-opacity":"","overlay-gradient":""}},"ast-content-background-meta":{"desktop":{"background-color":"var(--ast-global-color-5)","background-image":"","background-repeat":"repeat","background-position":"center center","background-size":"auto","background-attachment":"scroll","background-type":"","background-media":"","overlay-type":"","overlay-color":"","overlay-opacity":"","overlay-gradient":""},"tablet":{"background-color":"var(--ast-global-color-5)","background-image":"","background-repeat":"repeat","background-position":"center center","background-size":"auto","background-attachment":"scroll","background-type":"","background-media":"","overlay-type":"","overlay-color":"","overlay-opacity":"","overlay-gradient":""},"mobile":{"background-color":"var(--ast-global-color-5)","background-image":"","background-repeat":"repeat","background-position":"center center","background-size":"auto","background-attachment":"scroll","background-type":"","background-media":"","overlay-type":"","overlay-color":"","overlay-opacity":"","overlay-gradient":""}},"footnotes":""},"class_list":["post-2028","page","type-page","status-publish","hentry"],"acf":[],"yoast_head":"<!-- This site is optimized with the Yoast SEO plugin v27.3 - https:\/\/yoast.com\/product\/yoast-seo-wordpress\/ -->\n<title>Veranstaltungskalender - Thomas Huebl<\/title>\n<meta name=\"description\" content=\"Sieh dir den Kalender der kommenden Veranstaltungen und Retreats mit Thomas H\u00fcb an. Werde Mitglied im Mystic Cafe, melde dich f\u00fcr den kostenlosen Collective Trauma Summit an, schalte dich ein f\u00fcr die Global Download Meditations, Relational Attunement Sessions und mehr.\" \/>\n<meta name=\"robots\" content=\"index, follow, max-snippet:-1, max-image-preview:large, max-video-preview:-1\" \/>\n<link rel=\"canonical\" href=\"https:\/\/thomashuebl.com\/de\/veranstaltungskalender\/\" \/>\n<meta property=\"og:locale\" content=\"de_DE\" \/>\n<meta property=\"og:type\" content=\"article\" \/>\n<meta property=\"og:title\" content=\"Veranstaltungskalender - Thomas Huebl\" \/>\n<meta property=\"og:description\" content=\"Sieh dir den Kalender der kommenden Veranstaltungen und Retreats mit Thomas H\u00fcb an. Werde Mitglied im Mystic Cafe, melde dich f\u00fcr den kostenlosen Collective Trauma Summit an, schalte dich ein f\u00fcr die Global Download Meditations, Relational Attunement Sessions und mehr.\" \/>\n<meta property=\"og:url\" content=\"https:\/\/thomashuebl.com\/de\/veranstaltungskalender\/\" \/>\n<meta property=\"og:site_name\" content=\"Thomas Huebl\" \/>\n<meta property=\"article:publisher\" content=\"https:\/\/www.facebook.com\/Thomas.Huebl.Sangha\/\" \/>\n<meta property=\"article:modified_time\" content=\"2023-08-18T03:55:37+00:00\" \/>\n<meta property=\"og:image\" content=\"https:\/\/thomashuebl.com\/wp-content\/uploads\/2023\/08\/thomashueblpl_03.jpg\" \/>\n\t<meta property=\"og:image:width\" content=\"1200\" \/>\n\t<meta property=\"og:image:height\" content=\"630\" \/>\n\t<meta property=\"og:image:type\" content=\"image\/jpeg\" \/>\n<meta name=\"twitter:card\" content=\"summary_large_image\" \/>\n<meta name=\"twitter:image\" content=\"https:\/\/thomashuebl.com\/wp-content\/uploads\/2023\/08\/thomashueblpl_03.jpg\" \/>\n<meta name=\"twitter:site\" content=\"@thomasHuebl\" \/>\n<script type=\"application\/ld+json\" class=\"yoast-schema-graph\">{\"@context\":\"https:\\\/\\\/schema.org\",\"@graph\":[{\"@type\":\"WebPage\",\"@id\":\"https:\\\/\\\/thomashuebl.com\\\/de\\\/veranstaltungskalender\\\/\",\"url\":\"https:\\\/\\\/thomashuebl.com\\\/de\\\/veranstaltungskalender\\\/\",\"name\":\"Veranstaltungskalender - Thomas Huebl\",\"isPartOf\":{\"@id\":\"https:\\\/\\\/thomashuebl.com\\\/de\\\/#website\"},\"datePublished\":\"2023-06-05T22:54:13+00:00\",\"dateModified\":\"2023-08-18T03:55:37+00:00\",\"description\":\"Sieh dir den Kalender der kommenden Veranstaltungen und Retreats mit Thomas H\u00fcb an. Werde Mitglied im Mystic Cafe, melde dich f\u00fcr den kostenlosen Collective Trauma Summit an, schalte dich ein f\u00fcr die Global Download Meditations, Relational Attunement Sessions und mehr.\",\"breadcrumb\":{\"@id\":\"https:\\\/\\\/thomashuebl.com\\\/de\\\/veranstaltungskalender\\\/#breadcrumb\"},\"inLanguage\":\"de-DE\",\"potentialAction\":[{\"@type\":\"ReadAction\",\"target\":[\"https:\\\/\\\/thomashuebl.com\\\/de\\\/veranstaltungskalender\\\/\"]}]},{\"@type\":\"BreadcrumbList\",\"@id\":\"https:\\\/\\\/thomashuebl.com\\\/de\\\/veranstaltungskalender\\\/#breadcrumb\",\"itemListElement\":[{\"@type\":\"ListItem\",\"position\":1,\"name\":\"Home\",\"item\":\"https:\\\/\\\/thomashuebl.com\\\/de\\\/\"},{\"@type\":\"ListItem\",\"position\":2,\"name\":\"Veranstaltungskalender\"}]},{\"@type\":\"WebSite\",\"@id\":\"https:\\\/\\\/thomashuebl.com\\\/de\\\/#website\",\"url\":\"https:\\\/\\\/thomashuebl.com\\\/de\\\/\",\"name\":\"Thomas Huebl\",\"description\":\"\",\"publisher\":{\"@id\":\"https:\\\/\\\/thomashuebl.com\\\/de\\\/#organization\"},\"potentialAction\":[{\"@type\":\"SearchAction\",\"target\":{\"@type\":\"EntryPoint\",\"urlTemplate\":\"https:\\\/\\\/thomashuebl.com\\\/de\\\/?s={search_term_string}\"},\"query-input\":{\"@type\":\"PropertyValueSpecification\",\"valueRequired\":true,\"valueName\":\"search_term_string\"}}],\"inLanguage\":\"de-DE\"},{\"@type\":\"Organization\",\"@id\":\"https:\\\/\\\/thomashuebl.com\\\/de\\\/#organization\",\"name\":\"Thomas Huebl\",\"url\":\"https:\\\/\\\/thomashuebl.com\\\/de\\\/\",\"logo\":{\"@type\":\"ImageObject\",\"inLanguage\":\"de-DE\",\"@id\":\"https:\\\/\\\/thomashuebl.com\\\/de\\\/#\\\/schema\\\/logo\\\/image\\\/\",\"url\":\"https:\\\/\\\/thomashuebl.com\\\/wp-content\\\/uploads\\\/2023\\\/08\\\/thomashueblpl_03-1.jpg\",\"contentUrl\":\"https:\\\/\\\/thomashuebl.com\\\/wp-content\\\/uploads\\\/2023\\\/08\\\/thomashueblpl_03-1.jpg\",\"width\":1200,\"height\":630,\"caption\":\"Thomas Huebl\"},\"image\":{\"@id\":\"https:\\\/\\\/thomashuebl.com\\\/de\\\/#\\\/schema\\\/logo\\\/image\\\/\"},\"sameAs\":[\"https:\\\/\\\/www.facebook.com\\\/Thomas.Huebl.Sangha\\\/\",\"https:\\\/\\\/x.com\\\/thomasHuebl\",\"https:\\\/\\\/www.youtube.com\\\/user\\\/thomashuebl\",\"https:\\\/\\\/www.instagram.com\\\/thomashuebl\\\/\"]}]}<\/script>\n<!-- \/ Yoast SEO plugin. -->","yoast_head_json":{"title":"Veranstaltungskalender - Thomas Huebl","description":"Sieh dir den Kalender der kommenden Veranstaltungen und Retreats mit Thomas H\u00fcb an. Werde Mitglied im Mystic Cafe, melde dich f\u00fcr den kostenlosen Collective Trauma Summit an, schalte dich ein f\u00fcr die Global Download Meditations, Relational Attunement Sessions und mehr.","robots":{"index":"index","follow":"follow","max-snippet":"max-snippet:-1","max-image-preview":"max-image-preview:large","max-video-preview":"max-video-preview:-1"},"canonical":"https:\/\/thomashuebl.com\/de\/veranstaltungskalender\/","og_locale":"de_DE","og_type":"article","og_title":"Veranstaltungskalender - Thomas Huebl","og_description":"Sieh dir den Kalender der kommenden Veranstaltungen und Retreats mit Thomas H\u00fcb an. Werde Mitglied im Mystic Cafe, melde dich f\u00fcr den kostenlosen Collective Trauma Summit an, schalte dich ein f\u00fcr die Global Download Meditations, Relational Attunement Sessions und mehr.","og_url":"https:\/\/thomashuebl.com\/de\/veranstaltungskalender\/","og_site_name":"Thomas Huebl","article_publisher":"https:\/\/www.facebook.com\/Thomas.Huebl.Sangha\/","article_modified_time":"2023-08-18T03:55:37+00:00","og_image":[{"width":1200,"height":630,"url":"https:\/\/thomashuebl.com\/wp-content\/uploads\/2023\/08\/thomashueblpl_03.jpg","type":"image\/jpeg"}],"twitter_card":"summary_large_image","twitter_image":"https:\/\/thomashuebl.com\/wp-content\/uploads\/2023\/08\/thomashueblpl_03.jpg","twitter_site":"@thomasHuebl","schema":{"@context":"https:\/\/schema.org","@graph":[{"@type":"WebPage","@id":"https:\/\/thomashuebl.com\/de\/veranstaltungskalender\/","url":"https:\/\/thomashuebl.com\/de\/veranstaltungskalender\/","name":"Veranstaltungskalender - Thomas Huebl","isPartOf":{"@id":"https:\/\/thomashuebl.com\/de\/#website"},"datePublished":"2023-06-05T22:54:13+00:00","dateModified":"2023-08-18T03:55:37+00:00","description":"Sieh dir den Kalender der kommenden Veranstaltungen und Retreats mit Thomas H\u00fcb an. Werde Mitglied im Mystic Cafe, melde dich f\u00fcr den kostenlosen Collective Trauma Summit an, schalte dich ein f\u00fcr die Global Download Meditations, Relational Attunement Sessions und mehr.","breadcrumb":{"@id":"https:\/\/thomashuebl.com\/de\/veranstaltungskalender\/#breadcrumb"},"inLanguage":"de-DE","potentialAction":[{"@type":"ReadAction","target":["https:\/\/thomashuebl.com\/de\/veranstaltungskalender\/"]}]},{"@type":"BreadcrumbList","@id":"https:\/\/thomashuebl.com\/de\/veranstaltungskalender\/#breadcrumb","itemListElement":[{"@type":"ListItem","position":1,"name":"Home","item":"https:\/\/thomashuebl.com\/de\/"},{"@type":"ListItem","position":2,"name":"Veranstaltungskalender"}]},{"@type":"WebSite","@id":"https:\/\/thomashuebl.com\/de\/#website","url":"https:\/\/thomashuebl.com\/de\/","name":"Thomas Huebl","description":"","publisher":{"@id":"https:\/\/thomashuebl.com\/de\/#organization"},"potentialAction":[{"@type":"SearchAction","target":{"@type":"EntryPoint","urlTemplate":"https:\/\/thomashuebl.com\/de\/?s={search_term_string}"},"query-input":{"@type":"PropertyValueSpecification","valueRequired":true,"valueName":"search_term_string"}}],"inLanguage":"de-DE"},{"@type":"Organization","@id":"https:\/\/thomashuebl.com\/de\/#organization","name":"Thomas Huebl","url":"https:\/\/thomashuebl.com\/de\/","logo":{"@type":"ImageObject","inLanguage":"de-DE","@id":"https:\/\/thomashuebl.com\/de\/#\/schema\/logo\/image\/","url":"https:\/\/thomashuebl.com\/wp-content\/uploads\/2023\/08\/thomashueblpl_03-1.jpg","contentUrl":"https:\/\/thomashuebl.com\/wp-content\/uploads\/2023\/08\/thomashueblpl_03-1.jpg","width":1200,"height":630,"caption":"Thomas Huebl"},"image":{"@id":"https:\/\/thomashuebl.com\/de\/#\/schema\/logo\/image\/"},"sameAs":["https:\/\/www.facebook.com\/Thomas.Huebl.Sangha\/","https:\/\/x.com\/thomasHuebl","https:\/\/www.youtube.com\/user\/thomashuebl","https:\/\/www.instagram.com\/thomashuebl\/"]}]}},"_links":{"self":[{"href":"https:\/\/thomashuebl.com\/de\/wp-json\/wp\/v2\/pages\/2028","targetHints":{"allow":["GET"]}}],"collection":[{"href":"https:\/\/thomashuebl.com\/de\/wp-json\/wp\/v2\/pages"}],"about":[{"href":"https:\/\/thomashuebl.com\/de\/wp-json\/wp\/v2\/types\/page"}],"author":[{"embeddable":true,"href":"https:\/\/thomashuebl.com\/de\/wp-json\/wp\/v2\/users\/3"}],"replies":[{"embeddable":true,"href":"https:\/\/thomashuebl.com\/de\/wp-json\/wp\/v2\/comments?post=2028"}],"version-history":[{"count":0,"href":"https:\/\/thomashuebl.com\/de\/wp-json\/wp\/v2\/pages\/2028\/revisions"}],"wp:attachment":[{"href":"https:\/\/thomashuebl.com\/de\/wp-json\/wp\/v2\/media?parent=2028"}],"curies":[{"name":"wp","href":"https:\/\/api.w.org\/{rel}","templated":true}]}}